{"id":102,"date":"2016-11-10T10:41:23","date_gmt":"2016-11-10T12:41:23","guid":{"rendered":"http:\/\/www.agenciaweber.com.br\/arquivos\/desenvolvimento\/um12\/?page_id=102"},"modified":"2019-08-14T11:43:18","modified_gmt":"2019-08-14T14:43:18","slug":"empresa","status":"publish","type":"page","link":"https:\/\/um12.com.br\/produtos\/empresa\/","title":{"rendered":"Empresa"},"content":{"rendered":"<p>[vc_row][vc_column][vc_column_text css_animation=&#8221;top-to-bottom&#8221;]A UM12 Produtos Gr\u00e1ficos \u00e9 uma loja especializada em insumos gr\u00e1ficos. Vendemos todos os tipos de materiais necess\u00e1rios para sua empresa, tintas, pantones,chapas, blanquetas, entre diversos outros materiais gr\u00e1ficos.<\/p>\n<p>A UM12 em parceria com a Center Graph, visamos suprir a necessidade de nossos clientes, com materiais de primeira linha e nossos clientes sempre em primeiro lugar.[\/vc_column_text][\/vc_column][\/vc_row]<\/p>\n","protected":false},"excerpt":{"rendered":"<p>[vc_row][vc_column][vc_column_text css_animation=&#8221;top-to-bottom&#8221;]A UM12 Produtos Gr\u00e1ficos \u00e9 uma loja especializada em insumos gr\u00e1ficos. Vendemos todos os tipos de materiais necess\u00e1rios para sua empresa, tintas, pantones,chapas, blanquetas, entre diversos outros materiais gr\u00e1ficos. A UM12 em parceria com a Center Graph, visamos suprir a necessidade de nossos clientes, com materiais de primeira linha e nossos clientes sempre em&#8230;<\/p>\n","protected":false},"author":1,"featured_media":0,"parent":0,"menu_order":0,"comment_status":"closed","ping_status":"closed","template":"","meta":{"_monsterinsights_skip_tracking":false,"_monsterinsights_sitenote_active":false,"_monsterinsights_sitenote_note":"","_monsterinsights_sitenote_category":0,"footnotes":""},"class_list":["post-102","page","type-page","status-publish","hentry"],"yoast_head":"<!-- This site is optimized with the Yoast SEO plugin v23.1 - https:\/\/yoast.com\/wordpress\/plugins\/seo\/ -->\n<title>Empresa - Um12 Produtos<\/title>\n<meta name=\"robots\" content=\"index, follow, max-snippet:-1, max-image-preview:large, max-video-preview:-1\" \/>\n<link rel=\"canonical\" href=\"https:\/\/um12.com.br\/produtos\/empresa\/\" \/>\n<meta property=\"og:locale\" content=\"pt_BR\" \/>\n<meta property=\"og:type\" content=\"article\" \/>\n<meta property=\"og:title\" content=\"Empresa - Um12 Produtos\" \/>\n<meta property=\"og:description\" content=\"[vc_row][vc_column][vc_column_text css_animation=&#8221;top-to-bottom&#8221;]A UM12 Produtos Gr\u00e1ficos \u00e9 uma loja especializada em insumos gr\u00e1ficos. Vendemos todos os tipos de materiais necess\u00e1rios para sua empresa, tintas, pantones,chapas, blanquetas, entre diversos outros materiais gr\u00e1ficos. A UM12 em parceria com a Center Graph, visamos suprir a necessidade de nossos clientes, com materiais de primeira linha e nossos clientes sempre em...\" \/>\n<meta property=\"og:url\" content=\"https:\/\/um12.com.br\/produtos\/empresa\/\" \/>\n<meta property=\"og:site_name\" content=\"Um12 Produtos\" \/>\n<meta property=\"article:modified_time\" content=\"2019-08-14T14:43:18+00:00\" \/>\n<meta name=\"twitter:card\" content=\"summary_large_image\" \/>\n<script type=\"application\/ld+json\" class=\"yoast-schema-graph\">{\"@context\":\"https:\/\/schema.org\",\"@graph\":[{\"@type\":\"WebPage\",\"@id\":\"https:\/\/um12.com.br\/produtos\/empresa\/\",\"url\":\"https:\/\/um12.com.br\/produtos\/empresa\/\",\"name\":\"Empresa - Um12 Produtos\",\"isPartOf\":{\"@id\":\"https:\/\/um12.com.br\/produtos\/#website\"},\"datePublished\":\"2016-11-10T12:41:23+00:00\",\"dateModified\":\"2019-08-14T14:43:18+00:00\",\"breadcrumb\":{\"@id\":\"https:\/\/um12.com.br\/produtos\/empresa\/#breadcrumb\"},\"inLanguage\":\"pt-BR\",\"potentialAction\":[{\"@type\":\"ReadAction\",\"target\":[\"https:\/\/um12.com.br\/produtos\/empresa\/\"]}]},{\"@type\":\"BreadcrumbList\",\"@id\":\"https:\/\/um12.com.br\/produtos\/empresa\/#breadcrumb\",\"itemListElement\":[{\"@type\":\"ListItem\",\"position\":1,\"name\":\"In\u00edcio\",\"item\":\"https:\/\/um12.com.br\/produtos\/\"},{\"@type\":\"ListItem\",\"position\":2,\"name\":\"Empresa\"}]},{\"@type\":\"WebSite\",\"@id\":\"https:\/\/um12.com.br\/produtos\/#website\",\"url\":\"https:\/\/um12.com.br\/produtos\/\",\"name\":\"Um12 Produtos\",\"description\":\"Comunica\u00e7\u00e3o Visual e Impress\u00e3o Digital\",\"potentialAction\":[{\"@type\":\"SearchAction\",\"target\":{\"@type\":\"EntryPoint\",\"urlTemplate\":\"https:\/\/um12.com.br\/produtos\/?s={search_term_string}\"},\"query-input\":\"required name=search_term_string\"}],\"inLanguage\":\"pt-BR\"}]}<\/script>\n<!-- \/ Yoast SEO plugin. -->","yoast_head_json":{"title":"Empresa - Um12 Produtos","robots":{"index":"index","follow":"follow","max-snippet":"max-snippet:-1","max-image-preview":"max-image-preview:large","max-video-preview":"max-video-preview:-1"},"canonical":"https:\/\/um12.com.br\/produtos\/empresa\/","og_locale":"pt_BR","og_type":"article","og_title":"Empresa - Um12 Produtos","og_description":"[vc_row][vc_column][vc_column_text css_animation=&#8221;top-to-bottom&#8221;]A UM12 Produtos Gr\u00e1ficos \u00e9 uma loja especializada em insumos gr\u00e1ficos. Vendemos todos os tipos de materiais necess\u00e1rios para sua empresa, tintas, pantones,chapas, blanquetas, entre diversos outros materiais gr\u00e1ficos. A UM12 em parceria com a Center Graph, visamos suprir a necessidade de nossos clientes, com materiais de primeira linha e nossos clientes sempre em...","og_url":"https:\/\/um12.com.br\/produtos\/empresa\/","og_site_name":"Um12 Produtos","article_modified_time":"2019-08-14T14:43:18+00:00","twitter_card":"summary_large_image","schema":{"@context":"https:\/\/schema.org","@graph":[{"@type":"WebPage","@id":"https:\/\/um12.com.br\/produtos\/empresa\/","url":"https:\/\/um12.com.br\/produtos\/empresa\/","name":"Empresa - Um12 Produtos","isPartOf":{"@id":"https:\/\/um12.com.br\/produtos\/#website"},"datePublished":"2016-11-10T12:41:23+00:00","dateModified":"2019-08-14T14:43:18+00:00","breadcrumb":{"@id":"https:\/\/um12.com.br\/produtos\/empresa\/#breadcrumb"},"inLanguage":"pt-BR","potentialAction":[{"@type":"ReadAction","target":["https:\/\/um12.com.br\/produtos\/empresa\/"]}]},{"@type":"BreadcrumbList","@id":"https:\/\/um12.com.br\/produtos\/empresa\/#breadcrumb","itemListElement":[{"@type":"ListItem","position":1,"name":"In\u00edcio","item":"https:\/\/um12.com.br\/produtos\/"},{"@type":"ListItem","position":2,"name":"Empresa"}]},{"@type":"WebSite","@id":"https:\/\/um12.com.br\/produtos\/#website","url":"https:\/\/um12.com.br\/produtos\/","name":"Um12 Produtos","description":"Comunica\u00e7\u00e3o Visual e Impress\u00e3o Digital","potentialAction":[{"@type":"SearchAction","target":{"@type":"EntryPoint","urlTemplate":"https:\/\/um12.com.br\/produtos\/?s={search_term_string}"},"query-input":"required name=search_term_string"}],"inLanguage":"pt-BR"}]}},"_links":{"self":[{"href":"https:\/\/um12.com.br\/produtos\/wp-json\/wp\/v2\/pages\/102","targetHints":{"allow":["GET"]}}],"collection":[{"href":"https:\/\/um12.com.br\/produtos\/wp-json\/wp\/v2\/pages"}],"about":[{"href":"https:\/\/um12.com.br\/produtos\/wp-json\/wp\/v2\/types\/page"}],"author":[{"embeddable":true,"href":"https:\/\/um12.com.br\/produtos\/wp-json\/wp\/v2\/users\/1"}],"replies":[{"embeddable":true,"href":"https:\/\/um12.com.br\/produtos\/wp-json\/wp\/v2\/comments?post=102"}],"version-history":[{"count":4,"href":"https:\/\/um12.com.br\/produtos\/wp-json\/wp\/v2\/pages\/102\/revisions"}],"predecessor-version":[{"id":316,"href":"https:\/\/um12.com.br\/produtos\/wp-json\/wp\/v2\/pages\/102\/revisions\/316"}],"wp:attachment":[{"href":"https:\/\/um12.com.br\/produtos\/wp-json\/wp\/v2\/media?parent=102"}],"curies":[{"name":"wp","href":"https:\/\/api.w.org\/{rel}","templated":true}]}}