{"id":6,"date":"2016-10-25T15:36:13","date_gmt":"2016-10-25T17:36:13","guid":{"rendered":"http:\/\/www.agenciaweber.com.br\/arquivos\/desenvolvimento\/um12\/carrinho\/"},"modified":"2016-10-25T15:36:13","modified_gmt":"2016-10-25T17:36:13","slug":"carrinho","status":"publish","type":"page","link":"https:\/\/um12.com.br\/produtos\/carrinho\/","title":{"rendered":"Carrinho"},"content":{"rendered":"\n","protected":false},"excerpt":{"rendered":"","protected":false},"author":1,"featured_media":0,"parent":0,"menu_order":0,"comment_status":"closed","ping_status":"closed","template":"","meta":{"_monsterinsights_skip_tracking":false,"_monsterinsights_sitenote_active":false,"_monsterinsights_sitenote_note":"","_monsterinsights_sitenote_category":0,"footnotes":""},"class_list":["post-6","page","type-page","status-publish","hentry"],"yoast_head":"<!-- This site is optimized with the Yoast SEO plugin v23.1 - https:\/\/yoast.com\/wordpress\/plugins\/seo\/ -->\n<title>Carrinho - Um12 Produtos<\/title>\n<meta name=\"robots\" content=\"index, follow, max-snippet:-1, max-image-preview:large, max-video-preview:-1\" \/>\n<link rel=\"canonical\" href=\"https:\/\/um12.com.br\/produtos\/carrinho\/\" \/>\n<meta property=\"og:locale\" content=\"pt_BR\" \/>\n<meta property=\"og:type\" content=\"article\" \/>\n<meta property=\"og:title\" content=\"Carrinho - Um12 Produtos\" \/>\n<meta property=\"og:url\" content=\"https:\/\/um12.com.br\/produtos\/carrinho\/\" \/>\n<meta property=\"og:site_name\" content=\"Um12 Produtos\" \/>\n<meta name=\"twitter:card\" content=\"summary_large_image\" \/>\n<script type=\"application\/ld+json\" class=\"yoast-schema-graph\">{\"@context\":\"https:\/\/schema.org\",\"@graph\":[{\"@type\":\"WebPage\",\"@id\":\"https:\/\/um12.com.br\/produtos\/carrinho\/\",\"url\":\"https:\/\/um12.com.br\/produtos\/carrinho\/\",\"name\":\"Carrinho - Um12 Produtos\",\"isPartOf\":{\"@id\":\"https:\/\/um12.com.br\/produtos\/#website\"},\"datePublished\":\"2016-10-25T17:36:13+00:00\",\"dateModified\":\"2016-10-25T17:36:13+00:00\",\"breadcrumb\":{\"@id\":\"https:\/\/um12.com.br\/produtos\/carrinho\/#breadcrumb\"},\"inLanguage\":\"pt-BR\",\"potentialAction\":[{\"@type\":\"ReadAction\",\"target\":[\"https:\/\/um12.com.br\/produtos\/carrinho\/\"]}]},{\"@type\":\"BreadcrumbList\",\"@id\":\"https:\/\/um12.com.br\/produtos\/carrinho\/#breadcrumb\",\"itemListElement\":[{\"@type\":\"ListItem\",\"position\":1,\"name\":\"In\u00edcio\",\"item\":\"https:\/\/um12.com.br\/produtos\/\"},{\"@type\":\"ListItem\",\"position\":2,\"name\":\"Carrinho\"}]},{\"@type\":\"WebSite\",\"@id\":\"https:\/\/um12.com.br\/produtos\/#website\",\"url\":\"https:\/\/um12.com.br\/produtos\/\",\"name\":\"Um12 Produtos\",\"description\":\"Comunica\u00e7\u00e3o Visual e Impress\u00e3o Digital\",\"potentialAction\":[{\"@type\":\"SearchAction\",\"target\":{\"@type\":\"EntryPoint\",\"urlTemplate\":\"https:\/\/um12.com.br\/produtos\/?s={search_term_string}\"},\"query-input\":\"required name=search_term_string\"}],\"inLanguage\":\"pt-BR\"}]}<\/script>\n<!-- \/ Yoast SEO plugin. -->","yoast_head_json":{"title":"Carrinho - Um12 Produtos","robots":{"index":"index","follow":"follow","max-snippet":"max-snippet:-1","max-image-preview":"max-image-preview:large","max-video-preview":"max-video-preview:-1"},"canonical":"https:\/\/um12.com.br\/produtos\/carrinho\/","og_locale":"pt_BR","og_type":"article","og_title":"Carrinho - Um12 Produtos","og_url":"https:\/\/um12.com.br\/produtos\/carrinho\/","og_site_name":"Um12 Produtos","twitter_card":"summary_large_image","schema":{"@context":"https:\/\/schema.org","@graph":[{"@type":"WebPage","@id":"https:\/\/um12.com.br\/produtos\/carrinho\/","url":"https:\/\/um12.com.br\/produtos\/carrinho\/","name":"Carrinho - Um12 Produtos","isPartOf":{"@id":"https:\/\/um12.com.br\/produtos\/#website"},"datePublished":"2016-10-25T17:36:13+00:00","dateModified":"2016-10-25T17:36:13+00:00","breadcrumb":{"@id":"https:\/\/um12.com.br\/produtos\/carrinho\/#breadcrumb"},"inLanguage":"pt-BR","potentialAction":[{"@type":"ReadAction","target":["https:\/\/um12.com.br\/produtos\/carrinho\/"]}]},{"@type":"BreadcrumbList","@id":"https:\/\/um12.com.br\/produtos\/carrinho\/#breadcrumb","itemListElement":[{"@type":"ListItem","position":1,"name":"In\u00edcio","item":"https:\/\/um12.com.br\/produtos\/"},{"@type":"ListItem","position":2,"name":"Carrinho"}]},{"@type":"WebSite","@id":"https:\/\/um12.com.br\/produtos\/#website","url":"https:\/\/um12.com.br\/produtos\/","name":"Um12 Produtos","description":"Comunica\u00e7\u00e3o Visual e Impress\u00e3o Digital","potentialAction":[{"@type":"SearchAction","target":{"@type":"EntryPoint","urlTemplate":"https:\/\/um12.com.br\/produtos\/?s={search_term_string}"},"query-input":"required name=search_term_string"}],"inLanguage":"pt-BR"}]}},"_links":{"self":[{"href":"https:\/\/um12.com.br\/produtos\/wp-json\/wp\/v2\/pages\/6","targetHints":{"allow":["GET"]}}],"collection":[{"href":"https:\/\/um12.com.br\/produtos\/wp-json\/wp\/v2\/pages"}],"about":[{"href":"https:\/\/um12.com.br\/produtos\/wp-json\/wp\/v2\/types\/page"}],"author":[{"embeddable":true,"href":"https:\/\/um12.com.br\/produtos\/wp-json\/wp\/v2\/users\/1"}],"replies":[{"embeddable":true,"href":"https:\/\/um12.com.br\/produtos\/wp-json\/wp\/v2\/comments?post=6"}],"version-history":[{"count":0,"href":"https:\/\/um12.com.br\/produtos\/wp-json\/wp\/v2\/pages\/6\/revisions"}],"wp:attachment":[{"href":"https:\/\/um12.com.br\/produtos\/wp-json\/wp\/v2\/media?parent=6"}],"curies":[{"name":"wp","href":"https:\/\/api.w.org\/{rel}","templated":true}]}}